{"id":605,"date":"2020-10-27T10:38:01","date_gmt":"2020-10-27T10:38:01","guid":{"rendered":"http:\/\/circusworldmarket.com\/?page_id=605"},"modified":"2020-10-27T10:38:01","modified_gmt":"2020-10-27T10:38:01","slug":"politica-de-cookies","status":"publish","type":"page","link":"https:\/\/circusworldmarket.com\/?page_id=605","title":{"rendered":"Pol\u00edtica de cookies"},"content":{"rendered":"<p>El nostre lloc web utilitza una tecnologia anomenada &#8216;cookie&#8217;, amb la finalitat de poder obtenir informaci\u00f3 sobre l&#8217;\u00fas del lloc web, millorar l\u2019experi\u00e8ncia de l\u2019usuari i garantir el seu correcte funcionament.<br \/>\nDEFINICI\u00d3 DE COOKIE<\/p>\n<p>Una &#8216;cookie&#8217; \u00e9s un petit fragment de text que els llocs web envien al navegador i que s&#8217;emmagatzemen en el terminal de l&#8217;usuari, (ordinador o dispositiu m\u00f2bil). Aquests arxius tenen la finalitat d&#8217;emmagatzemar dades que podran ser actualitzades i recuperades per l&#8217;entitat responsable de la seva instal\u00b7laci\u00f3. Aix\u00ed, cada vegada que l&#8217;usuari torna a visitar el mateix lloc web, l&#8217;explorador recupera l&#8217;arxiu i l&#8217;envia al servidor del lloc web. Les cookies tenen diverses funcions entre les que s&#8217;inclouen, la de recollir informaci\u00f3 sobre les prefer\u00e8ncies de l&#8217;usuari i recordar-la, i en general, facilitar l&#8217;\u00fas del lloc web a l&#8217;usuari fent que el lloc sigui m\u00e9s \u00fatil al personalitzar el seu contingut.<\/p>\n<p>Les cookies es poden classificar en base a diferents par\u00e0metres:<\/p>\n<p>1.Titularitat: cookies pr\u00f2pies i cookies de tercers: depenent de quina sigui l&#8217;entitat que gestioni el domini des d&#8217;on s&#8217;envien les cookies i es tractin les dades que s&#8217;obtinguin.<\/p>\n<p>2.Durada: cookies de sessi\u00f3 i cookies persistents: d&#8217;acord amb el termini de temps que romanen emmagatzemades al terminal de l&#8217;usuari.<\/p>\n<p>3.Finalitat: cookies t\u00e8cniques, cookies de personalitzaci\u00f3, cookies d&#8217;an\u00e0lisi, cookies publicit\u00e0ries, cookies de publicitat comportamental: d&#8217;acord amb la finalitat per a la qual es tractin les dades obtingudes.<\/p>\n<p>\u2022Cookies t\u00e8cniques: S\u00f3n aquelles que permeten a l&#8217;usuari la navegaci\u00f3 a trav\u00e9s de la p\u00e0gina web o aplicaci\u00f3 i la utilitzaci\u00f3 de les diferents opcions o serveis que en ella existeixen. Per exemple, controlar el tr\u00e0nsit i la comunicaci\u00f3 de dades , identificar la sessi\u00f3 o accedir a les parts web d&#8217;acc\u00e9s restringit.<\/p>\n<p>\u2022Cookies de personalitzaci\u00f3 S\u00f3n aquelles que permeten a l&#8217;usuari accedir al servei amb algunes caracter\u00edstiques de car\u00e0cter general predefinides en el seu terminal o que el propi usuari defineixi . Per exemple, l&#8217;idioma , el tipus de navegador a trav\u00e9s del qual accedeix al servei o el disseny de continguts seleccionat.<\/p>\n<p>\u2022Cookies d&#8217;an\u00e0lisi S\u00f3n aquelles que o b\u00e9 tractades per nosaltres o per tercers, ens permeten quantificar el nombre d&#8217;usuaris i aix\u00ed realitzar l&#8217;an\u00e0lisi estad\u00edstic de la utilitzaci\u00f3 que fan els usuaris del servei ofert. Per aix\u00f2 s&#8217;analitza la seva navegaci\u00f3 a la nostra p\u00e0gina web per tal de millorar l&#8217;oferta de productes o serveis que li oferim.<\/p>\n<p>\u2022Cookies publicit\u00e0ries S\u00f3n aquelles que permeten la gesti\u00f3, de la forma m\u00e9s efica\u00e7 possible, dels espais publicitaris que, si escau, l&#8217;editor hagi incl\u00f2s en una p\u00e0gina web, aplicaci\u00f3 o plataforma des de la qual presta el servei sol\u00b7licitat sobre la base de criteris com el contingut editat o la freq\u00fc\u00e8ncia en a qual es mostren els anuncis.<\/p>\n<p>\u2022Cookies de publicitat comportamental S\u00f3n aquelles que permeten la gesti\u00f3, de la manera m\u00e9s efica\u00e7 possible, dels espais publicitaris que, si escau, l&#8217;editor hagi incl\u00f2s en una p\u00e0gina web, aplicaci\u00f3 o plataforma des de la que presta el servei sol\u00b7licitat. Aquestes cookies emmagatzemen informaci\u00f3 del comportament dels usuaris obtinguda a trav\u00e9s de l&#8217;observaci\u00f3 continuada dels seus h\u00e0bits de navegaci\u00f3, el que permet desenvolupar un perfil espec\u00edfic per mostrar publicitat en funci\u00f3 del mateix.<\/p>\n<p>COOKIES UTILITZADES AL NOSTRE LLOC WEB<br \/>\nEl nostre lloc web utilitza tant cookies pr\u00f2pies, que s\u00f3n les enviades al seu dispositiu i gestionades exclusivament per nosaltres per al millor funcionament del lloc web, com cookies de tercers, amb la funci\u00f3 de servir-nos com a eina d\u2019an\u00e0lisis de la interacci\u00f3 dels usuaris amb la nostra web, gr\u00e0cies a elles obtenim una informaci\u00f3 que pot ajudar-nos a millorar la navegaci\u00f3 i donar un millor servei als usuaris.<\/p>\n<p>El nostre lloc web fa servir tant cookies temporals de sessi\u00f3 com cookies persistents. Les cookies de sessi\u00f3 emmagatzemen dades \u00fanicament mentre l&#8217;usuari accedeix a la web i les cookies persistents emmagatzemen les dades en el terminal perqu\u00e8 siguin accedides i utilitzades en m\u00e9s d&#8217;una sessi\u00f3.<\/p>\n<p>Concretament les cookies que utilitzades al nostre lloc web s\u00f3n:<\/p>\n<p>Cookies pr\u00f2pies: Les cookies pr\u00f2pies que fem servir en el nostre lloc web s\u00f3n de car\u00e0cter t\u00e8cnic, fonamentals per al funcionament de la web.<\/p>\n<p>Cookies de tercers: Google Inc (Google Analytics), Twitter, Facebook.<\/p>\n<p>Finalment, tamb\u00e9 s&#8217;utilitzen galetes de complement (plug-in) per intercanviar continguts socials.<\/p>\n<p>CONSENTIMENT<br \/>\nAl navegar i continuar al nostre lloc web l\u2019usuari estar\u00e0 consentint l&#8217;\u00fas de les cookies abans enunciades, pels terminis assenyalats i en les condicions contingudes en la present Pol\u00edtica de Cookies.<\/p>\n<p>Aix\u00ed mateix, l&#8217;informem que si vost\u00e8 consulta continguts de la nostra web allotjats en webs de tercers, aquests tenen la seva pr\u00f2pia pol\u00edtica de cookies.<\/p>\n<p>RETIRADA DEL CONSENTIMENT<br \/>\nL&#8217;usuari podr\u00e0 retirar en qualsevol moment el seu consentiment relacionat amb aquesta Pol\u00edtica de Cookies, per aix\u00f2 haur\u00e0 d&#8217;eliminar les cookies emmagatzemades en el seu equip utilitzant els ajustaments i configuracions del seu navegador d&#8217;Internet.<\/p>\n<p>MODIFICACI\u00d3 DE LA CONFIGURACI\u00d3 DE LES COOKIES<br \/>\nL&#8217;usuari pot restringir, bloquejar o esborrar les cookies de qualsevol lloc web, utilitzant el seu navegador. A cada navegador l&#8217;operativa \u00e9s diferent, pel que pot consultar als seg\u00fcents enlla\u00e7os la forma de fer-ho<br \/>\n\u2022Internet Explorer: https:\/\/windows.microsoft.com\/es-xl\/internet-explorer\/delete-manage-cookies#ie=ie-11<br \/>\n\u2022FireFox: httpss:\/\/support.mozilla.org\/es\/kb\/Borrar%20cookies<br \/>\n\u2022Chrome: httpss:\/\/support.google.com\/chrome\/answer\/95647?hl=es<br \/>\n\u2022Safari: https:\/\/www.apple.com\/legal\/privacy\/es\/cookies\/<br \/>\n\u2022Opera: https:\/\/help.opera.com\/Linux\/10.50\/en\/cookies.html<br \/>\n\u2022Safari para iOS (dispositivos iPhone y iPad): https:\/\/help.opera.com\/Linux\/10.50\/en\/cookies.html<br \/>\n\u2022Chrome para Android: httpss:\/\/support.google.com\/chrome\/answer\/2392971?hl=es<br \/>\n\u2022Windows Phone: https:\/\/www.windowsphone.com\/es-es\/how-to\/wp7\/web\/changing-privacy-and-other-browser-<br \/>\nPer obtenir m\u00e9s informaci\u00f3 sobre l&#8217;eliminaci\u00f3, deshabilitaci\u00f3 o bloqueig de les cookies tamb\u00e9 pot visitar:<br \/>\nhttps:\/\/www.aboutcookies.org\/Default.aspx?page=2<\/p>\n","protected":false},"excerpt":{"rendered":"<p>El nostre lloc web utilitza una tecnologia anomenada &#8216;cookie&#8217;, amb la finalitat de poder obtenir informaci\u00f3 sobre l&#8217;\u00fas del lloc web, millorar l\u2019experi\u00e8ncia de l\u2019usuari i garantir el seu correcte funcionament. DEFINICI\u00d3 DE COOKIE Una &#8216;cookie&#8217; \u00e9s un petit fragment de text que els llocs web envien al navegador i que s&#8217;emmagatzemen en el terminal &hellip;<\/p>\n","protected":false},"author":2,"featured_media":0,"parent":0,"menu_order":0,"comment_status":"closed","ping_status":"closed","template":"","meta":{"footnotes":""},"class_list":["post-605","page","type-page","status-publish","hentry","no-thumb"],"_links":{"self":[{"href":"https:\/\/circusworldmarket.com\/index.php?rest_route=\/wp\/v2\/pages\/605","targetHints":{"allow":["GET"]}}],"collection":[{"href":"https:\/\/circusworldmarket.com\/index.php?rest_route=\/wp\/v2\/pages"}],"about":[{"href":"https:\/\/circusworldmarket.com\/index.php?rest_route=\/wp\/v2\/types\/page"}],"author":[{"embeddable":true,"href":"https:\/\/circusworldmarket.com\/index.php?rest_route=\/wp\/v2\/users\/2"}],"replies":[{"embeddable":true,"href":"https:\/\/circusworldmarket.com\/index.php?rest_route=%2Fwp%2Fv2%2Fcomments&post=605"}],"version-history":[{"count":1,"href":"https:\/\/circusworldmarket.com\/index.php?rest_route=\/wp\/v2\/pages\/605\/revisions"}],"predecessor-version":[{"id":606,"href":"https:\/\/circusworldmarket.com\/index.php?rest_route=\/wp\/v2\/pages\/605\/revisions\/606"}],"wp:attachment":[{"href":"https:\/\/circusworldmarket.com\/index.php?rest_route=%2Fwp%2Fv2%2Fmedia&parent=605"}],"curies":[{"name":"wp","href":"https:\/\/api.w.org\/{rel}","templated":true}]}}